{"id":258438,"date":"2020-01-24T12:04:04","date_gmt":"2020-01-24T12:04:04","guid":{"rendered":"https:\/\/moderncornucopia.com\/politica-de-privacidade\/"},"modified":"2025-07-11T09:22:50","modified_gmt":"2025-07-11T09:22:50","slug":"politica-de-privacidade","status":"publish","type":"page","link":"https:\/\/moderncornucopia.com\/es\/politica-de-privacidade\/","title":{"rendered":"Pol\u00edtica de privacidad"},"content":{"rendered":"<p>[et_pb_section fb_built=\u00bb1&#8243; _builder_version=\u00bb4.16&#8243; background_color=\u00bbrgba(0,0,0,0.2)\u00bb background_image=\u00bbhttps:\/\/moderncornucopia.com\/wp-content\/uploads\/2020\/01\/banner2.jpg\u00bb background_blend=\u00bbmultiply\u00bb custom_margin=\u00bb0px||||false|false\u00bb custom_padding=\u00bb100px||49px||false|false\u00bb locked=\u00bboff\u00bb global_colors_info=\u00bb{}\u00bb][et_pb_row _builder_version=\u00bb4.16&#8243; global_colors_info=\u00bb{}\u00bb][et_pb_column type=\u00bb4_4&#8243; _builder_version=\u00bb4.16&#8243; global_colors_info=\u00bb{}\u00bb][et_pb_text _builder_version=\u00bb4.24.2&#8243; header_2_font=\u00bbRoboto|700||on|||||\u00bb header_2_text_align=\u00bbleft\u00bb header_2_text_color=\u00bb#ffffff\u00bb header_2_font_size=\u00bb45px\u00bb global_colors_info=\u00bb{}\u00bb]<\/p>\n<h2>Pol\u00edtica de privacidad<\/h2>\n<p>[\/et_pb_text][et_pb_divider divider_weight=\u00bb9px\u00bb _builder_version=\u00bb4.16&#8243; width=\u00bb14%\u00bb global_colors_info=\u00bb{}\u00bb][\/et_pb_divider][\/et_pb_column][\/et_pb_row][\/et_pb_section][et_pb_section fb_built=\u00bb1&#8243; _builder_version=\u00bb4.16&#8243; global_colors_info=\u00bb{}\u00bb][et_pb_row _builder_version=\u00bb4.16&#8243; custom_margin=\u00bb||||false|false\u00bb global_colors_info=\u00bb{}\u00bb][et_pb_column type=\u00bb4_4&#8243; _builder_version=\u00bb4.16&#8243; global_colors_info=\u00bb{}\u00bb][et_pb_text _builder_version=\u00bb4.24.2&#8243; text_font=\u00bbPoppins|300|||||||\u00bb text_font_size=\u00bb15px\u00bb text_line_height=\u00bb2.4em\u00bb header_3_line_height_tablet=\u00bb\u00bb header_3_line_height_phone=\u00bb1.8em\u00bb header_3_line_height_last_edited=\u00bbon|phone\u00bb global_colors_info=\u00bb{}\u00bb]<\/p>\n<p data-start=\"162\" data-end=\"470\">Se pretende informar a los usuarios del sitio web <a href=\"https:\/\/moderncornucopia.com\/es\/\"><strong data-start=\"212\" data-end=\"236\">moderncornucopia.com<\/strong><\/a> sobre las normas generales relativas al tratamiento de datos personales, los cuales son recogidos y tratados en estricto respeto y cumplimiento de lo dispuesto en la legislaci\u00f3n vigente en materia de protecci\u00f3n de datos personales.<\/p>\n<p data-start=\"472\" data-end=\"754\">Estamos comprometidos con la protecci\u00f3n y confidencialidad de los datos personales, habiendo adoptado las medidas que consideramos adecuadas para garantizar la exactitud, integridad y confidencialidad de dichos datos, as\u00ed como todos los dem\u00e1s derechos que asisten a sus titulares.<\/p>\n<p data-start=\"756\" data-end=\"834\">Esta declaraci\u00f3n de privacidad se actualiz\u00f3 por \u00faltima vez en julio de 2025.<\/p>\n<p data-start=\"836\" data-end=\"1004\">En esta declaraci\u00f3n de privacidad explicamos qu\u00e9 hacemos con los datos que obtenemos a trav\u00e9s de este sitio web. Le recomendamos que lea atentamente esta declaraci\u00f3n.<\/p>\n<h3 data-start=\"1011\" data-end=\"1080\"><strong data-start=\"1015\" data-end=\"1080\">Cumplimos con los requisitos de la legislaci\u00f3n de privacidad:<\/strong><\/h3>\n<ul data-start=\"1081\" data-end=\"1714\">\n<li data-start=\"1081\" data-end=\"1203\">\n<p data-start=\"1083\" data-end=\"1203\">Declaramos las finalidades para las que tratamos datos personales. Lo hacemos mediante esta declaraci\u00f3n de privacidad.<\/p>\n<\/li>\n<li data-start=\"1204\" data-end=\"1319\">\n<p data-start=\"1206\" data-end=\"1319\">Pretendemos limitar la recopilaci\u00f3n de datos personales \u00fanicamente a los datos necesarios para fines leg\u00edtimos.<\/p>\n<\/li>\n<li data-start=\"1320\" data-end=\"1458\">\n<p data-start=\"1322\" data-end=\"1458\">Solicitamos primero su consentimiento expl\u00edcito para tratar sus datos personales en los casos en que se requiera dicho consentimiento.<\/p>\n<\/li>\n<li data-start=\"1459\" data-end=\"1618\">\n<p data-start=\"1461\" data-end=\"1618\">Tomamos medidas de seguridad adecuadas para proteger sus datos personales y exigimos lo mismo a las partes que procesan datos personales en nuestro nombre.<\/p>\n<\/li>\n<li data-start=\"1619\" data-end=\"1714\">\n<p data-start=\"1621\" data-end=\"1714\">Respetamos su derecho a acceder, corregir o eliminar sus datos personales previa solicitud.<\/p>\n<\/li>\n<\/ul>\n<p data-start=\"1716\" data-end=\"1921\">Si tiene alguna duda o desea saber exactamente qu\u00e9 datos suyos conservamos, p\u00f3ngase en contacto con nosotros a trav\u00e9s del correo electr\u00f3nico indicado en el \u00faltimo apartado de esta Pol\u00edtica de Privacidad.<\/p>\n<h3 data-start=\"1928\" data-end=\"1956\"><strong data-start=\"1932\" data-end=\"1956\">Principios Generales<\/strong><\/h3>\n<p data-start=\"1957\" data-end=\"2020\">Nos comprometemos a garantizar que los datos personales sean:<\/p>\n<ul data-start=\"2021\" data-end=\"2637\">\n<li data-start=\"2021\" data-end=\"2243\">\n<p data-start=\"2023\" data-end=\"2243\">Tratados de manera l\u00edcita, leal y transparente con respecto a los titulares de los datos, recogidos para fines determinados, expl\u00edcitos y leg\u00edtimos, y no tratados posteriormente de manera incompatible con dichos fines.<\/p>\n<\/li>\n<li data-start=\"2244\" data-end=\"2404\">\n<p data-start=\"2246\" data-end=\"2404\">Conservados de forma que permitan la identificaci\u00f3n de los titulares de los datos solo durante el tiempo necesario para los fines para los que son tratados.<\/p>\n<\/li>\n<li data-start=\"2405\" data-end=\"2637\">\n<p data-start=\"2407\" data-end=\"2637\">Tratados de manera que se garantice su seguridad, incluida la protecci\u00f3n contra el tratamiento no autorizado o il\u00edcito y contra la p\u00e9rdida, destrucci\u00f3n o da\u00f1o accidental, adoptando las medidas t\u00e9cnicas u organizativas adecuadas.<\/p>\n<\/li>\n<\/ul>\n<h3 data-start=\"2644\" data-end=\"2698\"><strong data-start=\"2648\" data-end=\"2698\">Finalidades de la Recogida de Datos Personales<\/strong><\/h3>\n<p data-start=\"2699\" data-end=\"2921\">Podemos recopilar o recibir informaci\u00f3n personal para diversos fines relacionados con nuestras operaciones comerciales, que pueden incluir el contacto a trav\u00e9s de tel\u00e9fono, correo, correo electr\u00f3nico y\/o formularios web.<\/p>\n<p data-start=\"2923\" data-end=\"3025\">Usamos los siguientes datos: Nombre, Sitio Web, Direcci\u00f3n, N\u00ba Fiscal, Correo Electr\u00f3nico y Tel\u00e9fono.<\/p>\n<p data-start=\"3027\" data-end=\"3086\">La base legal sobre la que podemos tratar estos datos es:<\/p>\n<ul data-start=\"3087\" data-end=\"3603\">\n<li data-start=\"3087\" data-end=\"3210\">\n<p data-start=\"3089\" data-end=\"3210\">Para el cumplimiento de una obligaci\u00f3n legal o contractual, por ejemplo, cuando le prestamos uno de nuestros servicios.<\/p>\n<\/li>\n<li data-start=\"3211\" data-end=\"3327\">\n<p data-start=\"3213\" data-end=\"3327\">Para proporcionarle nuestro servicio de newsletter, \u00fanicamente cuando lo solicite (nombre y correo electr\u00f3nico).<\/p>\n<\/li>\n<li data-start=\"3328\" data-end=\"3603\">\n<p data-start=\"3330\" data-end=\"3603\">Cuando se utiliza el formulario de contacto, los datos recogidos tienen como \u00fanico objetivo responder a la informaci\u00f3n solicitada por el cliente, gestionar sus solicitudes y controlar la calidad de los servicios prestados (nombre, correo electr\u00f3nico, n\u00famero de contacto).<\/p>\n<\/li>\n<\/ul>\n<h3 data-start=\"3610\" data-end=\"3663\"><strong data-start=\"3614\" data-end=\"3663\">Plazo de Conservaci\u00f3n de los Datos Personales<\/strong><\/h3>\n<p data-start=\"3664\" data-end=\"3949\">Conservamos los datos personales solo durante el per\u00edodo necesario para cumplir con las finalidades espec\u00edficas para las que fueron recogidos. No obstante, podremos estar obligados a conservar algunos datos personales por un per\u00edodo m\u00e1s prolongado en atenci\u00f3n a obligaciones legales.<\/p>\n<p data-start=\"3951\" data-end=\"4176\">Durante el per\u00edodo de tratamiento de los datos personales, garantizamos que estos sean tratados de conformidad con esta Pol\u00edtica de Privacidad. En cuanto ya no sean necesarios, procederemos a su eliminaci\u00f3n de forma segura.<\/p>\n<p data-start=\"4178\" data-end=\"4340\">En lo que respecta al consentimiento, la retirada del mismo no invalida el tratamiento realizado hasta esa fecha en base al consentimiento previamente otorgado.<\/p>\n<h3 data-start=\"4347\" data-end=\"4367\"><strong data-start=\"4351\" data-end=\"4367\">Sus derechos<\/strong><\/h3>\n<p data-start=\"4368\" data-end=\"4386\">Tiene derecho a:<\/p>\n<ul data-start=\"4387\" data-end=\"4597\">\n<li data-start=\"4387\" data-end=\"4406\">\n<p data-start=\"4389\" data-end=\"4406\">Estar informado<\/p>\n<\/li>\n<li data-start=\"4407\" data-end=\"4460\">\n<p data-start=\"4409\" data-end=\"4460\">Acceder, rectificar, limitar o eliminar sus datos<\/p>\n<\/li>\n<li data-start=\"4461\" data-end=\"4493\">\n<p data-start=\"4463\" data-end=\"4493\">La portabilidad de sus datos<\/p>\n<\/li>\n<li data-start=\"4494\" data-end=\"4534\">\n<p data-start=\"4496\" data-end=\"4534\">Oponerse al tratamiento de sus datos<\/p>\n<\/li>\n<li data-start=\"4535\" data-end=\"4597\">\n<p data-start=\"4537\" data-end=\"4597\">Presentar una reclamaci\u00f3n ante las autoridades competentes<\/p>\n<\/li>\n<\/ul>\n<h3 data-start=\"4604\" data-end=\"4636\"><strong data-start=\"4608\" data-end=\"4636\">Pr\u00e1cticas de divulgaci\u00f3n<\/strong><\/h3>\n<p data-start=\"4637\" data-end=\"4707\">A continuaci\u00f3n, informaci\u00f3n sobre nuestras pr\u00e1cticas de divulgaci\u00f3n:<\/p>\n<ul data-start=\"4708\" data-end=\"5245\">\n<li data-start=\"4708\" data-end=\"4794\">\n<p data-start=\"4710\" data-end=\"4794\">Divulgamos informaci\u00f3n personal si estamos obligados por ley o por orden judicial.<\/p>\n<\/li>\n<li data-start=\"4795\" data-end=\"5035\">\n<p data-start=\"4797\" data-end=\"5035\">Si nuestro sitio o nuestra organizaci\u00f3n es adquirido, vendido o se ve involucrado en una fusi\u00f3n o adquisici\u00f3n, sus datos podr\u00e1n ser divulgados a nuestros asesores y a posibles compradores, y ser\u00e1n transferidos a los nuevos propietarios.<\/p>\n<\/li>\n<li data-start=\"5036\" data-end=\"5172\">\n<p data-start=\"5038\" data-end=\"5172\">Existe un Acuerdo de Procesamiento de Datos con Google, pero Google no puede utilizar los datos para ning\u00fan otro servicio de Google.<\/p>\n<\/li>\n<li data-start=\"5173\" data-end=\"5245\">\n<p data-start=\"5175\" data-end=\"5245\">El registro de direcciones IP completas est\u00e1 bloqueado por nosotros.<\/p>\n<\/li>\n<\/ul>\n<h3 data-start=\"5252\" data-end=\"5269\"><strong data-start=\"5256\" data-end=\"5269\">Seguridad<\/strong><\/h3>\n<p data-start=\"5270\" data-end=\"5446\">Estamos comprometidos con la seguridad de los datos personales. Tomamos medidas de seguridad adecuadas para limitar el abuso y el acceso no autorizado a los datos personales.<\/p>\n<h3 data-start=\"5453\" data-end=\"5479\"><strong data-start=\"5457\" data-end=\"5479\">Sitios de terceros<\/strong><\/h3>\n<p data-start=\"5480\" data-end=\"5773\">Esta declaraci\u00f3n de privacidad no se aplica a sitios de terceros enlazados desde nuestro sitio web. No podemos garantizar que dichos terceros gestionen sus datos personales de forma fiable o segura. Le recomendamos que lea las declaraciones de privacidad de esos sitios antes de utilizarlos.<\/p>\n<h3 data-start=\"5780\" data-end=\"5829\"><strong data-start=\"5784\" data-end=\"5829\">Cambios en esta declaraci\u00f3n de privacidad<\/strong><\/h3>\n<p data-start=\"5830\" data-end=\"6073\">Nos reservamos el derecho de realizar cambios en esta declaraci\u00f3n de privacidad. Le recomendamos que consulte regularmente esta declaraci\u00f3n para estar al tanto de cualquier cambio. Adem\u00e1s, le informaremos activamente siempre que sea posible.<\/p>\n<h3 data-start=\"6080\" data-end=\"6095\"><strong data-start=\"6084\" data-end=\"6095\">Cookies<\/strong><\/h3>\n<p data-start=\"6096\" data-end=\"6210\">Nuestro sitio utiliza cookies. Para m\u00e1s informaci\u00f3n sobre las cookies, consulte nuestra <a href=\"https:\/\/moderncornucopia.com\/es\/politica-de-cookies\/\"><strong data-start=\"6184\" data-end=\"6207\">Pol\u00edtica de Cookies<\/strong>.<\/a><\/p>\n<h3 data-start=\"6217\" data-end=\"6242\"><strong data-start=\"6221\" data-end=\"6242\">Datos de contacto<\/strong><\/h3>\n<p data-start=\"6243\" data-end=\"6475\"><strong data-start=\"6243\" data-end=\"6268\">Nombre de la empresa:<\/strong> Moderncornucopia Unipessoal Lda.<br data-start=\"6301\" data-end=\"6304\" \/><strong data-start=\"6304\" data-end=\"6322\">N\u00famero Fiscal:<\/strong> 514911506<br data-start=\"6332\" data-end=\"6335\" \/><strong data-start=\"6335\" data-end=\"6349\">Direcci\u00f3n:<\/strong> Av. Pedro Nunes n\u00ba 640, 2\u00ba Esq.<br data-start=\"6381\" data-end=\"6384\" \/><strong data-start=\"6384\" data-end=\"6402\">C\u00f3digo Postal:<\/strong> 2870-470, Montijo<br data-start=\"6420\" data-end=\"6423\" \/><strong data-start=\"6423\" data-end=\"6446\">Correo Electr\u00f3nico:<\/strong> <a data-start=\"6447\" data-end=\"6473\" href=\"mailto:geral@moderncornucopia.com\">geral@moderncornucopia.com<\/a><\/p>\n<p>[\/et_pb_text][\/et_pb_column][\/et_pb_row][\/et_pb_section][et_pb_section fb_built=\u00bb1&#8243; custom_padding_last_edited=\u00bbon|tablet\u00bb admin_label=\u00bbArchitecture Page Layout\u00bb module_class=\u00bbpegasus-footer6&#8243; _builder_version=\u00bb4.16&#8243; background_color=\u00bb#4E9946&#8243; custom_padding=\u00bb3%||0.7%|||\u00bb custom_padding_tablet=\u00bb60px||0px|\u00bb custom_padding_phone=\u00bb\u00bb collapsed=\u00bbon\u00bb global_colors_info=\u00bb{}\u00bb][et_pb_row column_structure=\u00bb3_4,1_4&#8243; use_custom_gutter=\u00bbon\u00bb gutter_width=\u00bb1&#8243; admin_label=\u00bbArchitecture Page Layout\u00bb _builder_version=\u00bb4.16&#8243; max_width=\u00bb1175px\u00bb custom_padding=\u00bb45px|||\u00bb border_width_top=\u00bb1px\u00bb border_color_top=\u00bbrgba(217,246,68,0.15)\u00bb use_custom_width=\u00bbon\u00bb custom_width_px=\u00bb1175px\u00bb collapsed=\u00bbon\u00bb global_colors_info=\u00bb{}\u00bb][et_pb_column type=\u00bb3_4&#8243; _builder_version=\u00bb4.16&#8243; custom_padding=\u00bb4px|||\u00bb custom_padding_tablet=\u00bb0px||10px|\u00bb custom_padding_phone=\u00bb\u00bb custom_padding_last_edited=\u00bbon|tablet\u00bb global_colors_info=\u00bb{}\u00bb padding_tablet=\u00bb0px||10px|\u00bb padding_last_edited=\u00bbon|tablet\u00bb custom_padding__hover=\u00bb|||\u00bb padding_phone=\u00bb0px||10px|\u00bb][et_pb_text admin_label=\u00bbProjects Services People News Career\u00bb _builder_version=\u00bb4.16&#8243; text_font=\u00bbRoboto|||on|||||\u00bb text_text_color=\u00bb#ffffff\u00bb text_font_size=\u00bb16px\u00bb text_letter_spacing=\u00bb1.57px\u00bb text_line_height=\u00bb1em\u00bb link_font=\u00bbRoboto|||on|||||\u00bb link_text_align=\u00bbleft\u00bb link_text_color=\u00bb#ffffff\u00bb link_font_size=\u00bb16px\u00bb link_letter_spacing=\u00bb1.57px\u00bb custom_margin=\u00bb|||-1px\u00bb custom_css_main_element=\u00bbfont-weight: 400;\u00bb global_colors_info=\u00bb{}\u00bb]<\/p>\n<p>2020 Moderncornocopia. Todos os direitos reservados<\/p>\n<p>Desenvolvido por <a href=\"https:\/\/bestsites.pt\/\" target=\"_blank\" rel=\"noopener noreferrer\">bestsites<\/a><\/p>\n<p>[\/et_pb_text][\/et_pb_column][et_pb_column type=\u00bb1_4&#8243; _builder_version=\u00bb4.16&#8243; custom_padding=\u00bb|||\u00bb global_colors_info=\u00bb{}\u00bb custom_padding__hover=\u00bb|||\u00bb][et_pb_social_media_follow icon_color=\u00bb#e68600&#8243; disabled_on=\u00bbon|on|on\u00bb _builder_version=\u00bb4.16&#8243; text_orientation=\u00bbright\u00bb custom_margin=\u00bb|||\u00bb border_radii=\u00bbon|50px|50px|50px|50px\u00bb box_shadow_style=\u00bbpreset1&#8243; box_shadow_vertical=\u00bb19px\u00bb box_shadow_blur=\u00bb43px\u00bb box_shadow_color=\u00bbrgba(217,246,68,0.15)\u00bb disabled=\u00bbon\u00bb global_colors_info=\u00bb{}\u00bb][et_pb_social_media_follow_network social_network=\u00bbfacebook\u00bb icon_color=\u00bb#ffffff\u00bb _builder_version=\u00bb4.16&#8243; background_color=\u00bb#e68600&#8243; background_enable_color=\u00bbon\u00bb global_colors_info=\u00bb{}\u00bb]facebook[\/et_pb_social_media_follow_network][et_pb_social_media_follow_network social_network=\u00bbtwitter\u00bb icon_color=\u00bb#ffffff\u00bb _builder_version=\u00bb4.16&#8243; background_color=\u00bb#e68600&#8243; background_enable_color=\u00bbon\u00bb global_colors_info=\u00bb{}\u00bb]twitter[\/et_pb_social_media_follow_network][et_pb_social_media_follow_network social_network=\u00bblinkedin\u00bb icon_color=\u00bb#ffffff\u00bb _builder_version=\u00bb4.16&#8243; background_color=\u00bb#e68600&#8243; background_enable_color=\u00bbon\u00bb global_colors_info=\u00bb{}\u00bb]linkedin[\/et_pb_social_media_follow_network][\/et_pb_social_media_follow][\/et_pb_column][\/et_pb_row][\/et_pb_section]<\/p>\n","protected":false},"excerpt":{"rendered":"<p>Pol\u00edtica de privacidadSe pretende informar a los usuarios del sitio web moderncornucopia.com sobre las normas generales relativas al tratamiento de datos personales, los cuales son recogidos y tratados en estricto respeto y cumplimiento de lo dispuesto en la legislaci\u00f3n vigente en materia de protecci\u00f3n de datos personales. Estamos comprometidos con la protecci\u00f3n y confidencialidad de [&hellip;]<\/p>\n","protected":false},"author":1,"featured_media":0,"parent":0,"menu_order":0,"comment_status":"closed","ping_status":"open","template":"","meta":{"_et_pb_use_builder":"on","_et_pb_old_content":"<!-- wp:heading -->\r\n<h2>Who we are<\/h2>\r\n<!-- \/wp:heading -->\r\n\r\n<!-- wp:paragraph -->\r\n<p>Our website address is: https:\/\/moderncornucopia.com.<\/p>\r\n<!-- \/wp:paragraph -->\r\n\r\n<!-- wp:heading -->\r\n<h2>What personal data we collect and why we collect it<\/h2>\r\n<!-- \/wp:heading -->\r\n\r\n<!-- wp:heading {\"level\":3} -->\r\n<h3>Comments<\/h3>\r\n<!-- \/wp:heading -->\r\n\r\n<!-- wp:paragraph -->\r\n<p>When visitors leave comments on the site we collect the data shown in the comments form, and also the visitor\u2019s IP address and browser user agent string to help spam detection.<\/p>\r\n<!-- \/wp:paragraph -->\r\n\r\n<!-- wp:paragraph -->\r\n<p>An anonymized string created from your email address (also called a hash) may be provided to the Gravatar service to see if you are using it. The Gravatar service privacy policy is available here: https:\/\/automattic.com\/privacy\/. After approval of your comment, your profile picture is visible to the public in the context of your comment.<\/p>\r\n<!-- \/wp:paragraph -->\r\n\r\n<!-- wp:heading {\"level\":3} -->\r\n<h3>Media<\/h3>\r\n<!-- \/wp:heading -->\r\n\r\n<!-- wp:paragraph -->\r\n<p>If you upload images to the website, you should avoid uploading images with embedded location data (EXIF GPS) included. Visitors to the website can download and extract any location data from images on the website.<\/p>\r\n<!-- \/wp:paragraph -->\r\n\r\n<!-- wp:heading {\"level\":3} -->\r\n<h3>Contact forms<\/h3>\r\n<!-- \/wp:heading -->\r\n\r\n<!-- wp:heading {\"level\":3} -->\r\n<h3>Cookies<\/h3>\r\n<!-- \/wp:heading -->\r\n\r\n<!-- wp:paragraph -->\r\n<p>If you leave a comment on our site you may opt-in to saving your name, email address and website in cookies. These are for your convenience so that you do not have to fill in your details again when you leave another comment. These cookies will last for one year.<\/p>\r\n<!-- \/wp:paragraph -->\r\n\r\n<!-- wp:paragraph -->\r\n<p>If you visit our login page, we will set a temporary cookie to determine if your browser accepts cookies. This cookie contains no personal data and is discarded when you close your browser.<\/p>\r\n<!-- \/wp:paragraph -->\r\n\r\n<!-- wp:paragraph -->\r\n<p>When you log in, we will also set up several cookies to save your login information and your screen display choices. Login cookies last for two days, and screen options cookies last for a year. If you select \"Remember Me\", your login will persist for two weeks. If you log out of your account, the login cookies will be removed.<\/p>\r\n<!-- \/wp:paragraph -->\r\n\r\n<!-- wp:paragraph -->\r\n<p>If you edit or publish an article, an additional cookie will be saved in your browser. This cookie includes no personal data and simply indicates the post ID of the article you just edited. It expires after 1 day.<\/p>\r\n<!-- \/wp:paragraph -->\r\n\r\n<!-- wp:heading {\"level\":3} -->\r\n<h3>Embedded content from other websites<\/h3>\r\n<!-- \/wp:heading -->\r\n\r\n<!-- wp:paragraph -->\r\n<p>Articles on this site may include embedded content (e.g. videos, images, articles, etc.). Embedded content from other websites behaves in the exact same way as if the visitor has visited the other website.<\/p>\r\n<!-- \/wp:paragraph -->\r\n\r\n<!-- wp:paragraph -->\r\n<p>These websites may collect data about you, use cookies, embed additional third-party tracking, and monitor your interaction with that embedded content, including tracking your interaction with the embedded content if you have an account and are logged in to that website.<\/p>\r\n<!-- \/wp:paragraph -->\r\n\r\n<!-- wp:heading {\"level\":3} -->\r\n<h3>Analytics<\/h3>\r\n<!-- \/wp:heading -->\r\n\r\n<!-- wp:heading -->\r\n<h2>Who we share your data with<\/h2>\r\n<!-- \/wp:heading -->\r\n\r\n<!-- wp:heading -->\r\n<h2>How long we retain your data<\/h2>\r\n<!-- \/wp:heading -->\r\n\r\n<!-- wp:paragraph -->\r\n<p>If you leave a comment, the comment and its metadata are retained indefinitely. This is so we can recognize and approve any follow-up comments automatically instead of holding them in a moderation queue.<\/p>\r\n<!-- \/wp:paragraph -->\r\n\r\n<!-- wp:paragraph -->\r\n<p>For users that register on our website (if any), we also store the personal information they provide in their user profile. All users can see, edit, or delete their personal information at any time (except they cannot change their username). Website administrators can also see and edit that information.<\/p>\r\n<!-- \/wp:paragraph -->\r\n\r\n<!-- wp:heading -->\r\n<h2>What rights you have over your data<\/h2>\r\n<!-- \/wp:heading -->\r\n\r\n<!-- wp:paragraph -->\r\n<p>If you have an account on this site, or have left comments, you can request to receive an exported file of the personal data we hold about you, including any data you have provided to us. You can also request that we erase any personal data we hold about you. This does not include any data we are obliged to keep for administrative, legal, or security purposes.<\/p>\r\n<!-- \/wp:paragraph -->\r\n\r\n<!-- wp:heading -->\r\n<h2>Where we send your data<\/h2>\r\n<!-- \/wp:heading -->\r\n\r\n<!-- wp:paragraph -->\r\n<p>Visitor comments may be checked through an automated spam detection service.<\/p>\r\n<!-- \/wp:paragraph -->\r\n\r\n<!-- wp:heading -->\r\n<h2>Your contact information<\/h2>\r\n<!-- \/wp:heading -->\r\n\r\n<!-- wp:heading -->\r\n<h2>Additional information<\/h2>\r\n<!-- \/wp:heading -->\r\n\r\n<!-- wp:heading {\"level\":3} -->\r\n<h3>How we protect your data<\/h3>\r\n<!-- \/wp:heading -->\r\n\r\n<!-- wp:heading {\"level\":3} -->\r\n<h3>What data breach procedures we have in place<\/h3>\r\n<!-- \/wp:heading -->\r\n\r\n<!-- wp:heading {\"level\":3} -->\r\n<h3>What third parties we receive data from<\/h3>\r\n<!-- \/wp:heading -->\r\n\r\n<!-- wp:heading {\"level\":3} -->\r\n<h3>What automated decision making and\/or profiling we do with user data<\/h3>\r\n<!-- \/wp:heading -->\r\n\r\n<!-- wp:heading {\"level\":3} -->\r\n<h3>Industry regulatory disclosure requirements<\/h3>\r\n<!-- \/wp:heading -->","_et_gb_content_width":"","footnotes":""},"class_list":["post-258438","page","type-page","status-publish","hentry"],"_links":{"self":[{"href":"https:\/\/moderncornucopia.com\/es\/wp-json\/wp\/v2\/pages\/258438","targetHints":{"allow":["GET"]}}],"collection":[{"href":"https:\/\/moderncornucopia.com\/es\/wp-json\/wp\/v2\/pages"}],"about":[{"href":"https:\/\/moderncornucopia.com\/es\/wp-json\/wp\/v2\/types\/page"}],"author":[{"embeddable":true,"href":"https:\/\/moderncornucopia.com\/es\/wp-json\/wp\/v2\/users\/1"}],"replies":[{"embeddable":true,"href":"https:\/\/moderncornucopia.com\/es\/wp-json\/wp\/v2\/comments?post=258438"}],"version-history":[{"count":8,"href":"https:\/\/moderncornucopia.com\/es\/wp-json\/wp\/v2\/pages\/258438\/revisions"}],"predecessor-version":[{"id":258463,"href":"https:\/\/moderncornucopia.com\/es\/wp-json\/wp\/v2\/pages\/258438\/revisions\/258463"}],"wp:attachment":[{"href":"https:\/\/moderncornucopia.com\/es\/wp-json\/wp\/v2\/media?parent=258438"}],"curies":[{"name":"wp","href":"https:\/\/api.w.org\/{rel}","templated":true}]}}