{"id":258415,"date":"2025-07-03T09:03:21","date_gmt":"2025-07-03T09:03:21","guid":{"rendered":"https:\/\/moderncornucopia.com\/politica-de-cookies\/"},"modified":"2025-07-11T09:18:53","modified_gmt":"2025-07-11T09:18:53","slug":"politica-de-cookies","status":"publish","type":"page","link":"https:\/\/moderncornucopia.com\/es\/politica-de-cookies\/","title":{"rendered":"Pol\u00edtica de Cookies"},"content":{"rendered":"<p>[et_pb_section fb_built=\u00bb1&#8243; _builder_version=\u00bb4.16&#8243; background_color=\u00bbrgba(0,0,0,0.2)\u00bb background_image=\u00bbhttps:\/\/moderncornucopia.com\/wp-content\/uploads\/2020\/01\/banner2.jpg\u00bb background_blend=\u00bbmultiply\u00bb custom_margin=\u00bb0px||||false|false\u00bb custom_padding=\u00bb100px||49px||false|false\u00bb locked=\u00bboff\u00bb global_colors_info=\u00bb{}\u00bb][et_pb_row _builder_version=\u00bb4.16&#8243; global_colors_info=\u00bb{}\u00bb][et_pb_column type=\u00bb4_4&#8243; _builder_version=\u00bb4.16&#8243; global_colors_info=\u00bb{}\u00bb][et_pb_text _builder_version=\u00bb4.24.2&#8243; header_2_font=\u00bbRoboto|700||on|||||\u00bb header_2_text_align=\u00bbleft\u00bb header_2_text_color=\u00bb#ffffff\u00bb header_2_font_size=\u00bb45px\u00bb global_colors_info=\u00bb{}\u00bb]<\/p>\n<h2>Pol\u00edtica de cookies<\/h2>\n<p>[\/et_pb_text][et_pb_divider divider_weight=\u00bb9px\u00bb _builder_version=\u00bb4.16&#8243; width=\u00bb14%\u00bb global_colors_info=\u00bb{}\u00bb][\/et_pb_divider][\/et_pb_column][\/et_pb_row][\/et_pb_section][et_pb_section fb_built=\u00bb1&#8243; _builder_version=\u00bb4.16&#8243; global_colors_info=\u00bb{}\u00bb][et_pb_row _builder_version=\u00bb4.16&#8243; custom_margin=\u00bb||||false|false\u00bb global_colors_info=\u00bb{}\u00bb][et_pb_column type=\u00bb4_4&#8243; _builder_version=\u00bb4.16&#8243; global_colors_info=\u00bb{}\u00bb][et_pb_text _builder_version=\u00bb4.24.2&#8243; text_font=\u00bbPoppins|300|||||||\u00bb text_font_size=\u00bb15px\u00bb text_line_height=\u00bb2.4em\u00bb hover_enabled=\u00bb0&#8243; header_3_line_height_tablet=\u00bb\u00bb header_3_line_height_phone=\u00bb1.8em\u00bb header_3_line_height_last_edited=\u00bbon|phone\u00bb global_colors_info=\u00bb{}\u00bb sticky_enabled=\u00bb0&#8243;]<\/p>\n<p data-start=\"80\" data-end=\"396\">Esta Pol\u00edtica de Cookies se actualiz\u00f3 por \u00faltima vez en julio de 2025 y se aplica al sitio web <a href=\"https:\/\/moderncornucopia.com\/es\/\"><strong data-start=\"175\" data-end=\"199\">moderncornucopia.com<\/strong><\/a>, en adelante denominado \u201cel sitio\u201d, que utiliza cookies y otras tecnolog\u00edas relacionadas (por conveniencia, todas estas tecnolog\u00edas se denominan \u201ccookies\u201d), colocadas por terceros que contratamos.<\/p>\n<p data-start=\"398\" data-end=\"481\">En los siguientes apartados le informamos sobre el uso de cookies en nuestro sitio.<\/p>\n<h3 data-start=\"488\" data-end=\"563\"><strong data-start=\"492\" data-end=\"563\">Informaci\u00f3n sobre los conceptos incluidos en la Pol\u00edtica de Cookies<\/strong><\/h3>\n<p data-start=\"565\" data-end=\"893\"><strong data-start=\"565\" data-end=\"576\">Cookies<\/strong>: un cookie es un archivo peque\u00f1o y simple que se env\u00eda junto con las p\u00e1ginas de este sitio y que su navegador almacena en el disco duro de su ordenador u otro dispositivo. La informaci\u00f3n almacenada puede enviarse de vuelta a nuestros servidores o a los servidores de terceros relevantes durante una visita posterior.<\/p>\n<p data-start=\"895\" data-end=\"1097\"><strong data-start=\"895\" data-end=\"906\">Scripts<\/strong>: un script es una parte de c\u00f3digo de programa que se utiliza para que nuestro sitio funcione correctamente e interactivamente. Este c\u00f3digo se ejecuta en nuestro servidor o en su dispositivo.<\/p>\n<p data-start=\"1099\" data-end=\"1317\"><strong data-start=\"1099\" data-end=\"1130\">Web beacon (etiqueta p\u00edxel)<\/strong>: es un peque\u00f1o texto o imagen invisible en un sitio web que se utiliza para monitorear el tr\u00e1fico en dicho sitio. Para ello, se almacenan varios datos sobre usted utilizando web beacons.<\/p>\n<h3 data-start=\"1324\" data-end=\"1348\"><strong data-start=\"1328\" data-end=\"1348\">Tipos de Cookies<\/strong><\/h3>\n<p data-start=\"1350\" data-end=\"1744\"><strong data-start=\"1350\" data-end=\"1397\">Cookies necesarios (t\u00e9cnicos o funcionales)<\/strong>: garantizan que ciertas partes del sitio funcionen correctamente y que sus preferencias de usuario se mantengan recordadas. Al colocar cookies funcionales, facilitamos su visita a nuestro sitio. De esta forma, no necesita introducir repetidamente la misma informaci\u00f3n al visitar nuestro sitio. Podemos colocar estos cookies sin su consentimiento.<\/p>\n<p data-start=\"1746\" data-end=\"1936\"><strong data-start=\"1746\" data-end=\"1768\">Cookies anal\u00edticos<\/strong>: se utilizan para optimizar la experiencia en el sitio, obteniendo informaci\u00f3n sobre el uso de nuestro sitio. Solicitamos su permiso para colocar este tipo de cookies.<\/p>\n<p data-start=\"1938\" data-end=\"2263\"><strong data-start=\"1938\" data-end=\"1979\">Cookies de preferencia y de marketing<\/strong>: son cookies u otras formas de almacenamiento local que se utilizan para crear perfiles de usuario con el fin de mostrar publicidad o para rastrear al usuario en este sitio o en varios sitios con fines de marketing similares. Solicitamos su permiso para colocar este tipo de cookies.<\/p>\n<h3 data-start=\"2270\" data-end=\"2292\"><strong data-start=\"2274\" data-end=\"2292\">Redes sociales<\/strong><\/h3>\n<p data-start=\"2294\" data-end=\"2730\">Podemos incluir en el sitio contenido de Facebook, Instagram y\/o WhatsApp para promocionar p\u00e1ginas web (por ejemplo, \u201cme gusta\u201d, \u201cpin\u201d) o compartir (por ejemplo, \u201ctuitear\u201d) en redes sociales como Facebook, Instagram y WhatsApp. Este contenido est\u00e1 incrustado mediante un c\u00f3digo derivado de Facebook, Instagram y WhatsApp y coloca cookies. Dicho contenido puede almacenar y procesar determinada informaci\u00f3n para publicidad personalizada.<\/p>\n<p data-start=\"2732\" data-end=\"3044\">Por favor, lea la declaraci\u00f3n de privacidad de estas redes sociales (que puede cambiar regularmente) para saber qu\u00e9 hacen con sus datos (personales) que procesan mediante estas cookies. Los datos recogidos se anonimizan en la medida de lo posible. Facebook, Instagram y WhatsApp est\u00e1n ubicados en Estados Unidos.<\/p>\n<h3 data-start=\"3051\" data-end=\"3073\"><strong data-start=\"3055\" data-end=\"3073\">Consentimiento<\/strong><\/h3>\n<p data-start=\"3075\" data-end=\"3526\">Cuando visite nuestro sitio por primera vez, le mostraremos una ventana para autorizar los tipos de cookies que utilizamos en el sitio. Una vez que haga clic en \u201cGuardar preferencias\u201d, nos autoriza a usar las categor\u00edas de cookies y plugins seleccionados en la ventana, seg\u00fan se describe en esta Pol\u00edtica de Cookies. Puede desactivar el uso de cookies a trav\u00e9s de su navegador, pero tenga en cuenta que nuestro sitio podr\u00eda no funcionar correctamente.<\/p>\n<h3 data-start=\"3533\" data-end=\"3600\"><strong data-start=\"3537\" data-end=\"3600\">Pol\u00edtica de Privacidad y Protecci\u00f3n de sus Datos Personales<\/strong><\/h3>\n<p data-start=\"3602\" data-end=\"3667\">Consulte en nuestro sitio web nuestra <a href=\"https:\/\/moderncornucopia.com\/es\/politica-de-privacidade\/\"><strong data-start=\"3640\" data-end=\"3666\">Pol\u00edtica de Privacidad<\/strong>.<\/a><\/p>\n<h3 data-start=\"3674\" data-end=\"3699\"><strong data-start=\"3678\" data-end=\"3699\">Datos de contacto<\/strong><\/h3>\n<p data-start=\"3701\" data-end=\"3851\">Para preguntas y\/o comentarios sobre nuestra Pol\u00edtica de Cookies y esta declaraci\u00f3n, p\u00f3ngase en contacto con nosotros utilizando los siguientes datos:<\/p>\n<ul data-start=\"3853\" data-end=\"4093\">\n<li data-start=\"3853\" data-end=\"3915\">\n<p data-start=\"3855\" data-end=\"3915\"><strong data-start=\"3855\" data-end=\"3879\">Nombre de la empresa<\/strong>: Moderncornucopia Unipessoal Lda.<\/p>\n<\/li>\n<li data-start=\"3916\" data-end=\"3948\">\n<p data-start=\"3918\" data-end=\"3948\"><strong data-start=\"3918\" data-end=\"3935\">N\u00famero Fiscal<\/strong>: 514911506<\/p>\n<\/li>\n<li data-start=\"3949\" data-end=\"3999\">\n<p data-start=\"3951\" data-end=\"3999\"><strong data-start=\"3951\" data-end=\"3964\">Direcci\u00f3n<\/strong>: Av. Pedro Nunes n\u00ba 640, 2\u00ba Esq.<\/p>\n<\/li>\n<li data-start=\"4000\" data-end=\"4040\">\n<p data-start=\"4002\" data-end=\"4040\"><strong data-start=\"4002\" data-end=\"4019\">C\u00f3digo Postal<\/strong>: 2870-470, Montijo<\/p>\n<\/li>\n<li data-start=\"4041\" data-end=\"4093\">\n<p data-start=\"4043\" data-end=\"4093\"><strong data-start=\"4043\" data-end=\"4065\">Correo electr\u00f3nico<\/strong>: <a data-start=\"4067\" data-end=\"4093\" href=\"mailto:geral@moderncornucopia.com\">geral@moderncornucopia.com<\/a><\/p>\n<\/li>\n<\/ul>\n<p>[\/et_pb_text][\/et_pb_column][\/et_pb_row][\/et_pb_section][et_pb_section fb_built=\u00bb1&#8243; custom_padding_last_edited=\u00bbon|tablet\u00bb admin_label=\u00bbArchitecture Page Layout\u00bb module_class=\u00bbpegasus-footer6&#8243; _builder_version=\u00bb4.16&#8243; background_color=\u00bb#4E9946&#8243; custom_padding=\u00bb3%||0.7%|||\u00bb custom_padding_tablet=\u00bb60px||0px|\u00bb custom_padding_phone=\u00bb\u00bb collapsed=\u00bbon\u00bb global_colors_info=\u00bb{}\u00bb][et_pb_row column_structure=\u00bb3_4,1_4&#8243; use_custom_gutter=\u00bbon\u00bb gutter_width=\u00bb1&#8243; admin_label=\u00bbArchitecture Page Layout\u00bb _builder_version=\u00bb4.16&#8243; max_width=\u00bb1175px\u00bb custom_padding=\u00bb45px|||\u00bb border_width_top=\u00bb1px\u00bb border_color_top=\u00bbrgba(217,246,68,0.15)\u00bb use_custom_width=\u00bbon\u00bb custom_width_px=\u00bb1175px\u00bb collapsed=\u00bbon\u00bb global_colors_info=\u00bb{}\u00bb][et_pb_column type=\u00bb3_4&#8243; _builder_version=\u00bb4.16&#8243; custom_padding=\u00bb4px|||\u00bb custom_padding_tablet=\u00bb0px||10px|\u00bb custom_padding_phone=\u00bb\u00bb custom_padding_last_edited=\u00bbon|tablet\u00bb global_colors_info=\u00bb{}\u00bb padding_tablet=\u00bb0px||10px|\u00bb padding_last_edited=\u00bbon|tablet\u00bb custom_padding__hover=\u00bb|||\u00bb padding_phone=\u00bb0px||10px|\u00bb][et_pb_text admin_label=\u00bbProjects Services People News Career\u00bb _builder_version=\u00bb4.16&#8243; text_font=\u00bbRoboto|||on|||||\u00bb text_text_color=\u00bb#ffffff\u00bb text_font_size=\u00bb16px\u00bb text_letter_spacing=\u00bb1.57px\u00bb text_line_height=\u00bb1em\u00bb link_font=\u00bbRoboto|||on|||||\u00bb link_text_align=\u00bbleft\u00bb link_text_color=\u00bb#ffffff\u00bb link_font_size=\u00bb16px\u00bb link_letter_spacing=\u00bb1.57px\u00bb custom_margin=\u00bb|||-1px\u00bb custom_css_main_element=\u00bbfont-weight: 400;\u00bb global_colors_info=\u00bb{}\u00bb]<\/p>\n<p>2020 Moderncornocopia. Todos os direitos reservados<\/p>\n<p>Desenvolvido por <a href=\"https:\/\/bestsites.pt\/\" target=\"_blank\" rel=\"noopener noreferrer\">bestsites<\/a><\/p>\n<p>[\/et_pb_text][\/et_pb_column][et_pb_column type=\u00bb1_4&#8243; _builder_version=\u00bb4.16&#8243; custom_padding=\u00bb|||\u00bb global_colors_info=\u00bb{}\u00bb custom_padding__hover=\u00bb|||\u00bb][et_pb_social_media_follow icon_color=\u00bb#e68600&#8243; disabled_on=\u00bbon|on|on\u00bb _builder_version=\u00bb4.16&#8243; text_orientation=\u00bbright\u00bb custom_margin=\u00bb|||\u00bb border_radii=\u00bbon|50px|50px|50px|50px\u00bb box_shadow_style=\u00bbpreset1&#8243; box_shadow_vertical=\u00bb19px\u00bb box_shadow_blur=\u00bb43px\u00bb box_shadow_color=\u00bbrgba(217,246,68,0.15)\u00bb disabled=\u00bbon\u00bb global_colors_info=\u00bb{}\u00bb][et_pb_social_media_follow_network social_network=\u00bbfacebook\u00bb icon_color=\u00bb#ffffff\u00bb _builder_version=\u00bb4.16&#8243; background_color=\u00bb#e68600&#8243; background_enable_color=\u00bbon\u00bb global_colors_info=\u00bb{}\u00bb follow_button=\u00bboff\u00bb url_new_window=\u00bbon\u00bb]facebook[\/et_pb_social_media_follow_network][et_pb_social_media_follow_network social_network=\u00bbtwitter\u00bb icon_color=\u00bb#ffffff\u00bb _builder_version=\u00bb4.16&#8243; background_color=\u00bb#e68600&#8243; background_enable_color=\u00bbon\u00bb global_colors_info=\u00bb{}\u00bb follow_button=\u00bboff\u00bb url_new_window=\u00bbon\u00bb]twitter[\/et_pb_social_media_follow_network][et_pb_social_media_follow_network social_network=\u00bblinkedin\u00bb icon_color=\u00bb#ffffff\u00bb _builder_version=\u00bb4.16&#8243; background_color=\u00bb#e68600&#8243; background_enable_color=\u00bbon\u00bb global_colors_info=\u00bb{}\u00bb follow_button=\u00bboff\u00bb url_new_window=\u00bbon\u00bb]linkedin[\/et_pb_social_media_follow_network][\/et_pb_social_media_follow][\/et_pb_column][\/et_pb_row][\/et_pb_section]<\/p>\n","protected":false},"excerpt":{"rendered":"<p>Pol\u00edtica de cookiesEsta Pol\u00edtica de Cookies se actualiz\u00f3 por \u00faltima vez en julio de 2025 y se aplica al sitio web moderncornucopia.com, en adelante denominado \u201cel sitio\u201d, que utiliza cookies y otras tecnolog\u00edas relacionadas (por conveniencia, todas estas tecnolog\u00edas se denominan \u201ccookies\u201d), colocadas por terceros que contratamos. En los siguientes apartados le informamos sobre el [&hellip;]<\/p>\n","protected":false},"author":1,"featured_media":0,"parent":0,"menu_order":0,"comment_status":"closed","ping_status":"closed","template":"","meta":{"_et_pb_use_builder":"on","_et_pb_old_content":"<!-- wp:heading -->\r\n<h2>Who we are<\/h2>\r\n<!-- \/wp:heading -->\r\n\r\n<!-- wp:paragraph -->\r\n<p>Our website address is: https:\/\/moderncornucopia.com.<\/p>\r\n<!-- \/wp:paragraph -->\r\n\r\n<!-- wp:heading -->\r\n<h2>What personal data we collect and why we collect it<\/h2>\r\n<!-- \/wp:heading -->\r\n\r\n<!-- wp:heading {\"level\":3} -->\r\n<h3>Comments<\/h3>\r\n<!-- \/wp:heading -->\r\n\r\n<!-- wp:paragraph -->\r\n<p>When visitors leave comments on the site we collect the data shown in the comments form, and also the visitor\u2019s IP address and browser user agent string to help spam detection.<\/p>\r\n<!-- \/wp:paragraph -->\r\n\r\n<!-- wp:paragraph -->\r\n<p>An anonymized string created from your email address (also called a hash) may be provided to the Gravatar service to see if you are using it. The Gravatar service privacy policy is available here: https:\/\/automattic.com\/privacy\/. After approval of your comment, your profile picture is visible to the public in the context of your comment.<\/p>\r\n<!-- \/wp:paragraph -->\r\n\r\n<!-- wp:heading {\"level\":3} -->\r\n<h3>Media<\/h3>\r\n<!-- \/wp:heading -->\r\n\r\n<!-- wp:paragraph -->\r\n<p>If you upload images to the website, you should avoid uploading images with embedded location data (EXIF GPS) included. Visitors to the website can download and extract any location data from images on the website.<\/p>\r\n<!-- \/wp:paragraph -->\r\n\r\n<!-- wp:heading {\"level\":3} -->\r\n<h3>Contact forms<\/h3>\r\n<!-- \/wp:heading -->\r\n\r\n<!-- wp:heading {\"level\":3} -->\r\n<h3>Cookies<\/h3>\r\n<!-- \/wp:heading -->\r\n\r\n<!-- wp:paragraph -->\r\n<p>If you leave a comment on our site you may opt-in to saving your name, email address and website in cookies. These are for your convenience so that you do not have to fill in your details again when you leave another comment. These cookies will last for one year.<\/p>\r\n<!-- \/wp:paragraph -->\r\n\r\n<!-- wp:paragraph -->\r\n<p>If you visit our login page, we will set a temporary cookie to determine if your browser accepts cookies. This cookie contains no personal data and is discarded when you close your browser.<\/p>\r\n<!-- \/wp:paragraph -->\r\n\r\n<!-- wp:paragraph -->\r\n<p>When you log in, we will also set up several cookies to save your login information and your screen display choices. Login cookies last for two days, and screen options cookies last for a year. If you select \"Remember Me\", your login will persist for two weeks. If you log out of your account, the login cookies will be removed.<\/p>\r\n<!-- \/wp:paragraph -->\r\n\r\n<!-- wp:paragraph -->\r\n<p>If you edit or publish an article, an additional cookie will be saved in your browser. This cookie includes no personal data and simply indicates the post ID of the article you just edited. It expires after 1 day.<\/p>\r\n<!-- \/wp:paragraph -->\r\n\r\n<!-- wp:heading {\"level\":3} -->\r\n<h3>Embedded content from other websites<\/h3>\r\n<!-- \/wp:heading -->\r\n\r\n<!-- wp:paragraph -->\r\n<p>Articles on this site may include embedded content (e.g. videos, images, articles, etc.). Embedded content from other websites behaves in the exact same way as if the visitor has visited the other website.<\/p>\r\n<!-- \/wp:paragraph -->\r\n\r\n<!-- wp:paragraph -->\r\n<p>These websites may collect data about you, use cookies, embed additional third-party tracking, and monitor your interaction with that embedded content, including tracking your interaction with the embedded content if you have an account and are logged in to that website.<\/p>\r\n<!-- \/wp:paragraph -->\r\n\r\n<!-- wp:heading {\"level\":3} -->\r\n<h3>Analytics<\/h3>\r\n<!-- \/wp:heading -->\r\n\r\n<!-- wp:heading -->\r\n<h2>Who we share your data with<\/h2>\r\n<!-- \/wp:heading -->\r\n\r\n<!-- wp:heading -->\r\n<h2>How long we retain your data<\/h2>\r\n<!-- \/wp:heading -->\r\n\r\n<!-- wp:paragraph -->\r\n<p>If you leave a comment, the comment and its metadata are retained indefinitely. This is so we can recognize and approve any follow-up comments automatically instead of holding them in a moderation queue.<\/p>\r\n<!-- \/wp:paragraph -->\r\n\r\n<!-- wp:paragraph -->\r\n<p>For users that register on our website (if any), we also store the personal information they provide in their user profile. All users can see, edit, or delete their personal information at any time (except they cannot change their username). Website administrators can also see and edit that information.<\/p>\r\n<!-- \/wp:paragraph -->\r\n\r\n<!-- wp:heading -->\r\n<h2>What rights you have over your data<\/h2>\r\n<!-- \/wp:heading -->\r\n\r\n<!-- wp:paragraph -->\r\n<p>If you have an account on this site, or have left comments, you can request to receive an exported file of the personal data we hold about you, including any data you have provided to us. You can also request that we erase any personal data we hold about you. This does not include any data we are obliged to keep for administrative, legal, or security purposes.<\/p>\r\n<!-- \/wp:paragraph -->\r\n\r\n<!-- wp:heading -->\r\n<h2>Where we send your data<\/h2>\r\n<!-- \/wp:heading -->\r\n\r\n<!-- wp:paragraph -->\r\n<p>Visitor comments may be checked through an automated spam detection service.<\/p>\r\n<!-- \/wp:paragraph -->\r\n\r\n<!-- wp:heading -->\r\n<h2>Your contact information<\/h2>\r\n<!-- \/wp:heading -->\r\n\r\n<!-- wp:heading -->\r\n<h2>Additional information<\/h2>\r\n<!-- \/wp:heading -->\r\n\r\n<!-- wp:heading {\"level\":3} -->\r\n<h3>How we protect your data<\/h3>\r\n<!-- \/wp:heading -->\r\n\r\n<!-- wp:heading {\"level\":3} -->\r\n<h3>What data breach procedures we have in place<\/h3>\r\n<!-- \/wp:heading -->\r\n\r\n<!-- wp:heading {\"level\":3} -->\r\n<h3>What third parties we receive data from<\/h3>\r\n<!-- \/wp:heading -->\r\n\r\n<!-- wp:heading {\"level\":3} -->\r\n<h3>What automated decision making and\/or profiling we do with user data<\/h3>\r\n<!-- \/wp:heading -->\r\n\r\n<!-- wp:heading {\"level\":3} -->\r\n<h3>Industry regulatory disclosure requirements<\/h3>\r\n<!-- \/wp:heading -->","_et_gb_content_width":"","footnotes":""},"class_list":["post-258415","page","type-page","status-publish","hentry"],"_links":{"self":[{"href":"https:\/\/moderncornucopia.com\/es\/wp-json\/wp\/v2\/pages\/258415","targetHints":{"allow":["GET"]}}],"collection":[{"href":"https:\/\/moderncornucopia.com\/es\/wp-json\/wp\/v2\/pages"}],"about":[{"href":"https:\/\/moderncornucopia.com\/es\/wp-json\/wp\/v2\/types\/page"}],"author":[{"embeddable":true,"href":"https:\/\/moderncornucopia.com\/es\/wp-json\/wp\/v2\/users\/1"}],"replies":[{"embeddable":true,"href":"https:\/\/moderncornucopia.com\/es\/wp-json\/wp\/v2\/comments?post=258415"}],"version-history":[{"count":4,"href":"https:\/\/moderncornucopia.com\/es\/wp-json\/wp\/v2\/pages\/258415\/revisions"}],"predecessor-version":[{"id":258453,"href":"https:\/\/moderncornucopia.com\/es\/wp-json\/wp\/v2\/pages\/258415\/revisions\/258453"}],"wp:attachment":[{"href":"https:\/\/moderncornucopia.com\/es\/wp-json\/wp\/v2\/media?parent=258415"}],"curies":[{"name":"wp","href":"https:\/\/api.w.org\/{rel}","templated":true}]}}